{"id":5047,"date":"2024-06-26T14:34:29","date_gmt":"2024-06-26T12:34:29","guid":{"rendered":"https:\/\/flaine.digitz.dev\/?page_id=5047"},"modified":"2026-04-24T11:24:47","modified_gmt":"2026-04-24T09:24:47","slug":"desert-de-plate","status":"publish","type":"page","link":"https:\/\/www.flaine.com\/nl\/desert-de-plate\/","title":{"rendered":"D\u00e9sert de Plat\u00e9"},"content":{"rendered":"","protected":false},"excerpt":{"rendered":"","protected":false},"author":5,"featured_media":0,"parent":0,"menu_order":0,"comment_status":"closed","ping_status":"closed","template":"","meta":{"_acf_changed":false,"footnotes":""},"class_list":["post-5047","page","type-page","status-publish","hentry"],"acf":[],"yoast_head":"<!-- This site is optimized with the Yoast SEO plugin v22.5 - https:\/\/yoast.com\/wordpress\/plugins\/seo\/ -->\n<title>D\u00e9sert de Plat\u00e9 - Flaine - Spectaculair uitzicht op de Mont Blanc<\/title>\n<meta name=\"description\" content=\"Ontdek de D\u00e9sert de Plat\u00e9, een natuurwonder van de Alpen, en geniet van wandeltochten met spectaculaire uitzichten op de Mont Blanc.\" \/>\n<meta name=\"robots\" content=\"index, follow, max-snippet:-1, max-image-preview:large, max-video-preview:-1\" \/>\n<link rel=\"canonical\" href=\"https:\/\/www.flaine.com\/nl\/desert-de-plate\/\" \/>\n<meta property=\"og:locale\" content=\"nl_NL\" \/>\n<meta property=\"og:type\" content=\"article\" \/>\n<meta property=\"og:title\" content=\"D\u00e9sert de Plat\u00e9 - Flaine - Spectaculair uitzicht op de Mont Blanc\" \/>\n<meta property=\"og:description\" content=\"Ontdek de D\u00e9sert de Plat\u00e9, een natuurwonder van de Alpen, en geniet van wandeltochten met spectaculaire uitzichten op de Mont Blanc.\" \/>\n<meta property=\"og:url\" content=\"https:\/\/www.flaine.com\/nl\/desert-de-plate\/\" \/>\n<meta property=\"og:site_name\" content=\"Flaine\" \/>\n<meta property=\"article:modified_time\" content=\"2026-04-24T09:24:47+00:00\" \/>\n<meta name=\"twitter:card\" content=\"summary_large_image\" \/>\n<script type=\"application\/ld+json\" class=\"yoast-schema-graph\">{\"@context\":\"https:\/\/schema.org\",\"@graph\":[{\"@type\":\"WebPage\",\"@id\":\"https:\/\/www.flaine.com\/nl\/desert-de-plate\/\",\"url\":\"https:\/\/www.flaine.com\/nl\/desert-de-plate\/\",\"name\":\"D\u00e9sert de Plat\u00e9 - Flaine - Spectaculair uitzicht op de Mont Blanc\",\"isPartOf\":{\"@id\":\"https:\/\/www.flaine.com\/nl\/#website\"},\"datePublished\":\"2024-06-26T12:34:29+00:00\",\"dateModified\":\"2026-04-24T09:24:47+00:00\",\"description\":\"Ontdek de D\u00e9sert de Plat\u00e9, een natuurwonder van de Alpen, en geniet van wandeltochten met spectaculaire uitzichten op de Mont Blanc.\",\"breadcrumb\":{\"@id\":\"https:\/\/www.flaine.com\/nl\/desert-de-plate\/#breadcrumb\"},\"inLanguage\":\"nl-NL\",\"potentialAction\":[{\"@type\":\"ReadAction\",\"target\":[\"https:\/\/www.flaine.com\/nl\/desert-de-plate\/\"]}]},{\"@type\":\"BreadcrumbList\",\"@id\":\"https:\/\/www.flaine.com\/nl\/desert-de-plate\/#breadcrumb\",\"itemListElement\":[{\"@type\":\"ListItem\",\"position\":1,\"name\":\"Home\",\"item\":\"https:\/\/www.flaine.com\/nl\/\"},{\"@type\":\"ListItem\",\"position\":2,\"name\":\"D\u00e9sert de Plat\u00e9\"}]},{\"@type\":\"WebSite\",\"@id\":\"https:\/\/www.flaine.com\/nl\/#website\",\"url\":\"https:\/\/www.flaine.com\/nl\/\",\"name\":\"Flaine\",\"description\":\"\",\"potentialAction\":[{\"@type\":\"SearchAction\",\"target\":{\"@type\":\"EntryPoint\",\"urlTemplate\":\"https:\/\/www.flaine.com\/nl\/?s={search_term_string}\"},\"query-input\":\"required name=search_term_string\"}],\"inLanguage\":\"nl-NL\"}]}<\/script>\n<!-- \/ Yoast SEO plugin. -->","yoast_head_json":{"title":"D\u00e9sert de Plat\u00e9 - Flaine - Spectaculair uitzicht op de Mont Blanc","description":"Ontdek de D\u00e9sert de Plat\u00e9, een natuurwonder van de Alpen, en geniet van wandeltochten met spectaculaire uitzichten op de Mont Blanc.","robots":{"index":"index","follow":"follow","max-snippet":"max-snippet:-1","max-image-preview":"max-image-preview:large","max-video-preview":"max-video-preview:-1"},"canonical":"https:\/\/www.flaine.com\/nl\/desert-de-plate\/","og_locale":"nl_NL","og_type":"article","og_title":"D\u00e9sert de Plat\u00e9 - Flaine - Spectaculair uitzicht op de Mont Blanc","og_description":"Ontdek de D\u00e9sert de Plat\u00e9, een natuurwonder van de Alpen, en geniet van wandeltochten met spectaculaire uitzichten op de Mont Blanc.","og_url":"https:\/\/www.flaine.com\/nl\/desert-de-plate\/","og_site_name":"Flaine","article_modified_time":"2026-04-24T09:24:47+00:00","twitter_card":"summary_large_image","schema":{"@context":"https:\/\/schema.org","@graph":[{"@type":"WebPage","@id":"https:\/\/www.flaine.com\/nl\/desert-de-plate\/","url":"https:\/\/www.flaine.com\/nl\/desert-de-plate\/","name":"D\u00e9sert de Plat\u00e9 - Flaine - Spectaculair uitzicht op de Mont Blanc","isPartOf":{"@id":"https:\/\/www.flaine.com\/nl\/#website"},"datePublished":"2024-06-26T12:34:29+00:00","dateModified":"2026-04-24T09:24:47+00:00","description":"Ontdek de D\u00e9sert de Plat\u00e9, een natuurwonder van de Alpen, en geniet van wandeltochten met spectaculaire uitzichten op de Mont Blanc.","breadcrumb":{"@id":"https:\/\/www.flaine.com\/nl\/desert-de-plate\/#breadcrumb"},"inLanguage":"nl-NL","potentialAction":[{"@type":"ReadAction","target":["https:\/\/www.flaine.com\/nl\/desert-de-plate\/"]}]},{"@type":"BreadcrumbList","@id":"https:\/\/www.flaine.com\/nl\/desert-de-plate\/#breadcrumb","itemListElement":[{"@type":"ListItem","position":1,"name":"Home","item":"https:\/\/www.flaine.com\/nl\/"},{"@type":"ListItem","position":2,"name":"D\u00e9sert de Plat\u00e9"}]},{"@type":"WebSite","@id":"https:\/\/www.flaine.com\/nl\/#website","url":"https:\/\/www.flaine.com\/nl\/","name":"Flaine","description":"","potentialAction":[{"@type":"SearchAction","target":{"@type":"EntryPoint","urlTemplate":"https:\/\/www.flaine.com\/nl\/?s={search_term_string}"},"query-input":"required name=search_term_string"}],"inLanguage":"nl-NL"}]}},"_links":{"self":[{"href":"https:\/\/www.flaine.com\/nl\/wp-json\/wp\/v2\/pages\/5047"}],"collection":[{"href":"https:\/\/www.flaine.com\/nl\/wp-json\/wp\/v2\/pages"}],"about":[{"href":"https:\/\/www.flaine.com\/nl\/wp-json\/wp\/v2\/types\/page"}],"author":[{"embeddable":true,"href":"https:\/\/www.flaine.com\/nl\/wp-json\/wp\/v2\/users\/5"}],"replies":[{"embeddable":true,"href":"https:\/\/www.flaine.com\/nl\/wp-json\/wp\/v2\/comments?post=5047"}],"version-history":[{"count":26,"href":"https:\/\/www.flaine.com\/nl\/wp-json\/wp\/v2\/pages\/5047\/revisions"}],"predecessor-version":[{"id":21786,"href":"https:\/\/www.flaine.com\/nl\/wp-json\/wp\/v2\/pages\/5047\/revisions\/21786"}],"wp:attachment":[{"href":"https:\/\/www.flaine.com\/nl\/wp-json\/wp\/v2\/media?parent=5047"}],"curies":[{"name":"wp","href":"https:\/\/api.w.org\/{rel}","templated":true}]}}