{"id":6520,"date":"2024-07-12T08:44:34","date_gmt":"2024-07-12T06:44:34","guid":{"rendered":"https:\/\/flaine.digitz.dev\/?page_id=6520"},"modified":"2026-04-09T16:41:35","modified_gmt":"2026-04-09T14:41:35","slug":"noords-skien","status":"publish","type":"page","link":"https:\/\/www.flaine.com\/nl\/noords-skien\/","title":{"rendered":"Noords ski\u00ebn"},"content":{"rendered":"","protected":false},"excerpt":{"rendered":"","protected":false},"author":5,"featured_media":0,"parent":0,"menu_order":0,"comment_status":"closed","ping_status":"closed","template":"","meta":{"_acf_changed":false,"footnotes":""},"class_list":["post-6520","page","type-page","status-publish","hentry"],"acf":[],"yoast_head":"<!-- This site is optimized with the Yoast SEO plugin v22.5 - https:\/\/yoast.com\/wordpress\/plugins\/seo\/ -->\n<title>Noords ski\u00ebn - Flaine - Schaatsen of afwisselen, het nordic ski\u00ebn wacht op je<\/title>\n<meta name=\"description\" content=\"Ons Nordic gebied, met zijn zorgvuldig geprepareerde paden ontworpen voor noords ski\u00ebn, brengt je naar het hart van de natuur.\" \/>\n<meta name=\"robots\" content=\"index, follow, max-snippet:-1, max-image-preview:large, max-video-preview:-1\" \/>\n<link rel=\"canonical\" href=\"https:\/\/www.flaine.com\/nl\/noords-skien\/\" \/>\n<meta property=\"og:locale\" content=\"nl_NL\" \/>\n<meta property=\"og:type\" content=\"article\" \/>\n<meta property=\"og:title\" content=\"Noords ski\u00ebn - Flaine - Schaatsen of afwisselen, het nordic ski\u00ebn wacht op je\" \/>\n<meta property=\"og:description\" content=\"Ons Nordic gebied, met zijn zorgvuldig geprepareerde paden ontworpen voor noords ski\u00ebn, brengt je naar het hart van de natuur.\" \/>\n<meta property=\"og:url\" content=\"https:\/\/www.flaine.com\/nl\/noords-skien\/\" \/>\n<meta property=\"og:site_name\" content=\"Flaine\" \/>\n<meta property=\"article:modified_time\" content=\"2026-04-09T14:41:35+00:00\" \/>\n<meta name=\"twitter:card\" content=\"summary_large_image\" \/>\n<script type=\"application\/ld+json\" class=\"yoast-schema-graph\">{\"@context\":\"https:\/\/schema.org\",\"@graph\":[{\"@type\":\"WebPage\",\"@id\":\"https:\/\/www.flaine.com\/nl\/noords-skien\/\",\"url\":\"https:\/\/www.flaine.com\/nl\/noords-skien\/\",\"name\":\"Noords ski\u00ebn - Flaine - Schaatsen of afwisselen, het nordic ski\u00ebn wacht op je\",\"isPartOf\":{\"@id\":\"https:\/\/www.flaine.com\/nl\/#website\"},\"datePublished\":\"2024-07-12T06:44:34+00:00\",\"dateModified\":\"2026-04-09T14:41:35+00:00\",\"description\":\"Ons Nordic gebied, met zijn zorgvuldig geprepareerde paden ontworpen voor noords ski\u00ebn, brengt je naar het hart van de natuur.\",\"breadcrumb\":{\"@id\":\"https:\/\/www.flaine.com\/nl\/noords-skien\/#breadcrumb\"},\"inLanguage\":\"nl-NL\",\"potentialAction\":[{\"@type\":\"ReadAction\",\"target\":[\"https:\/\/www.flaine.com\/nl\/noords-skien\/\"]}]},{\"@type\":\"BreadcrumbList\",\"@id\":\"https:\/\/www.flaine.com\/nl\/noords-skien\/#breadcrumb\",\"itemListElement\":[{\"@type\":\"ListItem\",\"position\":1,\"name\":\"Home\",\"item\":\"https:\/\/www.flaine.com\/nl\/\"},{\"@type\":\"ListItem\",\"position\":2,\"name\":\"Noords ski\u00ebn\"}]},{\"@type\":\"WebSite\",\"@id\":\"https:\/\/www.flaine.com\/nl\/#website\",\"url\":\"https:\/\/www.flaine.com\/nl\/\",\"name\":\"Flaine\",\"description\":\"\",\"potentialAction\":[{\"@type\":\"SearchAction\",\"target\":{\"@type\":\"EntryPoint\",\"urlTemplate\":\"https:\/\/www.flaine.com\/nl\/?s={search_term_string}\"},\"query-input\":\"required name=search_term_string\"}],\"inLanguage\":\"nl-NL\"}]}<\/script>\n<!-- \/ Yoast SEO plugin. -->","yoast_head_json":{"title":"Noords ski\u00ebn - Flaine - Schaatsen of afwisselen, het nordic ski\u00ebn wacht op je","description":"Ons Nordic gebied, met zijn zorgvuldig geprepareerde paden ontworpen voor noords ski\u00ebn, brengt je naar het hart van de natuur.","robots":{"index":"index","follow":"follow","max-snippet":"max-snippet:-1","max-image-preview":"max-image-preview:large","max-video-preview":"max-video-preview:-1"},"canonical":"https:\/\/www.flaine.com\/nl\/noords-skien\/","og_locale":"nl_NL","og_type":"article","og_title":"Noords ski\u00ebn - Flaine - Schaatsen of afwisselen, het nordic ski\u00ebn wacht op je","og_description":"Ons Nordic gebied, met zijn zorgvuldig geprepareerde paden ontworpen voor noords ski\u00ebn, brengt je naar het hart van de natuur.","og_url":"https:\/\/www.flaine.com\/nl\/noords-skien\/","og_site_name":"Flaine","article_modified_time":"2026-04-09T14:41:35+00:00","twitter_card":"summary_large_image","schema":{"@context":"https:\/\/schema.org","@graph":[{"@type":"WebPage","@id":"https:\/\/www.flaine.com\/nl\/noords-skien\/","url":"https:\/\/www.flaine.com\/nl\/noords-skien\/","name":"Noords ski\u00ebn - Flaine - Schaatsen of afwisselen, het nordic ski\u00ebn wacht op je","isPartOf":{"@id":"https:\/\/www.flaine.com\/nl\/#website"},"datePublished":"2024-07-12T06:44:34+00:00","dateModified":"2026-04-09T14:41:35+00:00","description":"Ons Nordic gebied, met zijn zorgvuldig geprepareerde paden ontworpen voor noords ski\u00ebn, brengt je naar het hart van de natuur.","breadcrumb":{"@id":"https:\/\/www.flaine.com\/nl\/noords-skien\/#breadcrumb"},"inLanguage":"nl-NL","potentialAction":[{"@type":"ReadAction","target":["https:\/\/www.flaine.com\/nl\/noords-skien\/"]}]},{"@type":"BreadcrumbList","@id":"https:\/\/www.flaine.com\/nl\/noords-skien\/#breadcrumb","itemListElement":[{"@type":"ListItem","position":1,"name":"Home","item":"https:\/\/www.flaine.com\/nl\/"},{"@type":"ListItem","position":2,"name":"Noords ski\u00ebn"}]},{"@type":"WebSite","@id":"https:\/\/www.flaine.com\/nl\/#website","url":"https:\/\/www.flaine.com\/nl\/","name":"Flaine","description":"","potentialAction":[{"@type":"SearchAction","target":{"@type":"EntryPoint","urlTemplate":"https:\/\/www.flaine.com\/nl\/?s={search_term_string}"},"query-input":"required name=search_term_string"}],"inLanguage":"nl-NL"}]}},"_links":{"self":[{"href":"https:\/\/www.flaine.com\/nl\/wp-json\/wp\/v2\/pages\/6520"}],"collection":[{"href":"https:\/\/www.flaine.com\/nl\/wp-json\/wp\/v2\/pages"}],"about":[{"href":"https:\/\/www.flaine.com\/nl\/wp-json\/wp\/v2\/types\/page"}],"author":[{"embeddable":true,"href":"https:\/\/www.flaine.com\/nl\/wp-json\/wp\/v2\/users\/5"}],"replies":[{"embeddable":true,"href":"https:\/\/www.flaine.com\/nl\/wp-json\/wp\/v2\/comments?post=6520"}],"version-history":[{"count":21,"href":"https:\/\/www.flaine.com\/nl\/wp-json\/wp\/v2\/pages\/6520\/revisions"}],"predecessor-version":[{"id":21115,"href":"https:\/\/www.flaine.com\/nl\/wp-json\/wp\/v2\/pages\/6520\/revisions\/21115"}],"wp:attachment":[{"href":"https:\/\/www.flaine.com\/nl\/wp-json\/wp\/v2\/media?parent=6520"}],"curies":[{"name":"wp","href":"https:\/\/api.w.org\/{rel}","templated":true}]}}